{"id":237869,"date":"2021-03-03T15:19:33","date_gmt":"2021-03-03T14:19:33","guid":{"rendered":"http:\/\/www.ideji.be\/asbl2021\/?page_id=237869"},"modified":"2022-03-27T16:31:06","modified_gmt":"2022-03-27T14:31:06","slug":"sinscrire-a-une-formation","status":"publish","type":"page","link":"https:\/\/www.ideji.be\/asbl2021\/sinscrire-a-une-formation\/","title":{"rendered":"S&rsquo;inscrire \u00e0 une formation"},"content":{"rendered":"<p>[et_pb_section fb_built=\u00a0\u00bb1&Prime; _builder_version=\u00a0\u00bb4.8.2&Prime; _module_preset=\u00a0\u00bbdefault\u00a0\u00bb background_color=\u00a0\u00bbRGBA(0,0,0,0)\u00a0\u00bb background_image=\u00a0\u00bbhttps:\/\/www.ideji.be\/asbl2021\/wp-content\/uploads\/2021\/02\/bg-formation.png\u00a0\u00bb background_size=\u00a0\u00bbinitial\u00a0\u00bb background_position=\u00a0\u00bbcenter_left\u00a0\u00bb min_height=\u00a0\u00bb295.1px\u00a0\u00bb height=\u00a0\u00bb100%\u00a0\u00bb][et_pb_row _builder_version=\u00a0\u00bb4.8.2&Prime; _module_preset=\u00a0\u00bbdefault\u00a0\u00bb custom_margin=\u00a0\u00bb||0%||false|false\u00a0\u00bb][et_pb_column type=\u00a0\u00bb4_4&Prime; _builder_version=\u00a0\u00bb4.8.2&Prime; _module_preset=\u00a0\u00bbdefault\u00a0\u00bb][et_pb_blurb title=\u00a0\u00bbS&rsquo;inscrire \u00e0 nos formations\u00a0\u00bb image=\u00a0\u00bbhttps:\/\/www.ideji.be\/asbl2021\/wp-content\/uploads\/2021\/02\/rectangle-vert-e1613473769621.png\u00a0\u00bb icon_placement=\u00a0\u00bbleft\u00a0\u00bb image_max_width=\u00a0\u00bb44%\u00a0\u00bb content_max_width=\u00a0\u00bb491px\u00a0\u00bb _builder_version=\u00a0\u00bb4.8.2&Prime; _module_preset=\u00a0\u00bbdefault\u00a0\u00bb header_level=\u00a0\u00bbh1&Prime; header_text_align=\u00a0\u00bbcenter\u00a0\u00bb header_text_color=\u00a0\u00bb#035D6D\u00a0\u00bb header_font_size=\u00a0\u00bb31px\u00a0\u00bb body_text_align=\u00a0\u00bbcenter\u00a0\u00bb body_text_color=\u00a0\u00bb#000000&Prime; body_font_size=\u00a0\u00bb1px\u00a0\u00bb width=\u00a0\u00bb100%\u00a0\u00bb module_alignment=\u00a0\u00bbcenter\u00a0\u00bb header_font_size_tablet=\u00a0\u00bb\u00a0\u00bb header_font_size_phone=\u00a0\u00bb\u00a0\u00bb header_font_size_last_edited=\u00a0\u00bbon|desktop\u00a0\u00bb custom_css_blurb_title=\u00a0\u00bbmargin-top:3px;||\u00a0\u00bb][\/et_pb_blurb][et_pb_code _builder_version=\u00a0\u00bb4.8.2&Prime; _module_preset=\u00a0\u00bbdefault\u00a0\u00bb locked=\u00a0\u00bboff\u00a0\u00bb]<\/p>\n<style> <!-- [et_pb_line_break_holder] -->#formulaire-responsive {<!-- [et_pb_line_break_holder] -->\tmax-width:px \/*-- \u00e0 modifier en fonction de la largeur d\u00e9sir\u00e9e --*\/;<!-- [et_pb_line_break_holder] -->\tmargin:0 auto;<!-- [et_pb_line_break_holder] -->        width:100%;<!-- [et_pb_line_break_holder] -->}<!-- [et_pb_line_break_holder] -->.rang-form {<!-- [et_pb_line_break_holder] -->\twidth: 100%;<!-- [et_pb_line_break_holder] -->}<!-- [et_pb_line_break_holder] -->.demi-colonne, .colonne {<!-- [et_pb_line_break_holder] -->\tfloat: left;<!-- [et_pb_line_break_holder] -->\tposition: relative;<!-- [et_pb_line_break_holder] -->\tpadding: 0.65rem;<!-- [et_pb_line_break_holder] -->\twidth:100%;<!-- [et_pb_line_break_holder] -->\t-webkit-box-sizing: border-box;<!-- [et_pb_line_break_holder] -->        -moz-box-sizing: border-box;<!-- [et_pb_line_break_holder] -->        box-sizing: border-box<!-- [et_pb_line_break_holder] -->}<!-- [et_pb_line_break_holder] -->.clearfix:after {<!-- [et_pb_line_break_holder] -->\tcontent: \"\";<!-- [et_pb_line_break_holder] -->\tdisplay: table;<!-- [et_pb_line_break_holder] -->\tclear: both;<!-- [et_pb_line_break_holder] -->}<!-- [et_pb_line_break_holder] --><!-- [et_pb_line_break_holder] -->\/**---------------- Media query ----------------**\/<!-- [et_pb_line_break_holder] -->@media only screen and (min-width: 48em) { <!-- [et_pb_line_break_holder] -->\t.demi-colonne {<!-- [et_pb_line_break_holder] -->\t\twidth: 50%;<!-- [et_pb_line_break_holder] -->\t}<!-- [et_pb_line_break_holder] -->}<!-- [et_pb_line_break_holder] --><!-- [et_pb_line_break_holder] --><\/style>\n<p>[\/et_pb_code][\/et_pb_column][\/et_pb_row][et_pb_row _builder_version=\u00a0\u00bb4.8.2&Prime; _module_preset=\u00a0\u00bbdefault\u00a0\u00bb][et_pb_column type=\u00a0\u00bb4_4&Prime; _builder_version=\u00a0\u00bb4.8.2&Prime; _module_preset=\u00a0\u00bbdefault\u00a0\u00bb][dsm_contact_form_7 cf7_library=\u00a0\u00bb239822&Prime; button_alignment=\u00a0\u00bbleft\u00a0\u00bb input_background_color=\u00a0\u00bb#FFFFFF\u00a0\u00bb _builder_version=\u00a0\u00bb4.8.2&Prime; _module_preset=\u00a0\u00bbdefault\u00a0\u00bb input_textarea_select_text_color=\u00a0\u00bb#035D6D\u00a0\u00bb error_msg_font=\u00a0\u00bb|700|||||||\u00a0\u00bb error_msg_text_color=\u00a0\u00bb#EA5535&Prime; custom_button_one=\u00a0\u00bbon\u00a0\u00bb button_one_text_color=\u00a0\u00bb#035D6D\u00a0\u00bb button_one_custom_margin=\u00a0\u00bb|46%||46%|false|true\u00a0\u00bb button_one_custom_margin_tablet=\u00a0\u00bb\u00a0\u00bb button_one_custom_margin_phone=\u00a0\u00bb|30%||30%|false|true\u00a0\u00bb button_one_custom_margin_last_edited=\u00a0\u00bbon|desktop\u00a0\u00bb hover_enabled=\u00a0\u00bb0&Prime; border_width_all_image=\u00a0\u00bb1px\u00a0\u00bb border_color_all_image=\u00a0\u00bb#000000&Prime; box_shadow_style_input_field=\u00a0\u00bbpreset4&Prime; box_shadow_vertical_input_field=\u00a0\u00bb7px\u00a0\u00bb box_shadow_color_input_field=\u00a0\u00bbrgba(3,93,109,0.58)\u00a0\u00bb sticky_enabled=\u00a0\u00bb0&Prime;][\/dsm_contact_form_7][et_pb_text _builder_version=\u00a0\u00bb4.8.2&Prime; _module_preset=\u00a0\u00bbdefault\u00a0\u00bb locked=\u00a0\u00bboff\u00a0\u00bb]<\/p>\n<p>(1)\u00a0<span style=\"font-weight: 400;\">Merci de nous communiquer un num\u00e9ro de t\u00e9l\u00e9phone et une adresse email o\u00f9 nous pouvons vous joindre en cas d\u2019urgence. Ces informations ne seront utilis\u00e9es que dans cet unique but.\u00a0\u00a0<\/span><\/p>\n<p>[\/et_pb_text][\/et_pb_column][\/et_pb_row][\/et_pb_section]<\/p>\n","protected":false},"excerpt":{"rendered":"<p>[et_pb_section fb_built=\u00a0\u00bb1&Prime; _builder_version=\u00a0\u00bb4.8.2&Prime; _module_preset=\u00a0\u00bbdefault\u00a0\u00bb background_color=\u00a0\u00bbRGBA(0,0,0,0)\u00a0\u00bb background_image=\u00a0\u00bbhttps:\/\/www.ideji.be\/asbl2021\/wp-content\/uploads\/2021\/02\/bg-formation.png\u00a0\u00bb background_size=\u00a0\u00bbinitial\u00a0\u00bb background_position=\u00a0\u00bbcenter_left\u00a0\u00bb min_height=\u00a0\u00bb295.1px\u00a0\u00bb height=\u00a0\u00bb100%\u00a0\u00bb][et_pb_row _builder_version=\u00a0\u00bb4.8.2&Prime; _module_preset=\u00a0\u00bbdefault\u00a0\u00bb custom_margin=\u00a0\u00bb||0%||false|false\u00a0\u00bb][et_pb_column type=\u00a0\u00bb4_4&Prime; _builder_version=\u00a0\u00bb4.8.2&Prime; _module_preset=\u00a0\u00bbdefault\u00a0\u00bb][et_pb_blurb title=\u00a0\u00bbS&rsquo;inscrire \u00e0 nos formations\u00a0\u00bb image=\u00a0\u00bbhttps:\/\/www.ideji.be\/asbl2021\/wp-content\/uploads\/2021\/02\/rectangle-vert-e1613473769621.png\u00a0\u00bb icon_placement=\u00a0\u00bbleft\u00a0\u00bb image_max_width=\u00a0\u00bb44%\u00a0\u00bb content_max_width=\u00a0\u00bb491px\u00a0\u00bb _builder_version=\u00a0\u00bb4.8.2&Prime; _module_preset=\u00a0\u00bbdefault\u00a0\u00bb header_level=\u00a0\u00bbh1&Prime; header_text_align=\u00a0\u00bbcenter\u00a0\u00bb header_text_color=\u00a0\u00bb#035D6D\u00a0\u00bb header_font_size=\u00a0\u00bb31px\u00a0\u00bb body_text_align=\u00a0\u00bbcenter\u00a0\u00bb body_text_color=\u00a0\u00bb#000000&Prime; body_font_size=\u00a0\u00bb1px\u00a0\u00bb width=\u00a0\u00bb100%\u00a0\u00bb module_alignment=\u00a0\u00bbcenter\u00a0\u00bb header_font_size_tablet=\u00a0\u00bb\u00a0\u00bb header_font_size_phone=\u00a0\u00bb\u00a0\u00bb header_font_size_last_edited=\u00a0\u00bbon|desktop\u00a0\u00bb custom_css_blurb_title=\u00a0\u00bbmargin-top:3px;||\u00a0\u00bb][\/et_pb_blurb][et_pb_code _builder_version=\u00a0\u00bb4.8.2&Prime; _module_preset=\u00a0\u00bbdefault\u00a0\u00bb locked=\u00a0\u00bboff\u00a0\u00bb] [\/et_pb_code][\/et_pb_column][\/et_pb_row][et_pb_row _builder_version=\u00a0\u00bb4.8.2&Prime; _module_preset=\u00a0\u00bbdefault\u00a0\u00bb][et_pb_column type=\u00a0\u00bb4_4&Prime; _builder_version=\u00a0\u00bb4.8.2&Prime; _module_preset=\u00a0\u00bbdefault\u00a0\u00bb][dsm_contact_form_7 cf7_library=\u00a0\u00bb239822&Prime; button_alignment=\u00a0\u00bbleft\u00a0\u00bb input_background_color=\u00a0\u00bb#FFFFFF\u00a0\u00bb _builder_version=\u00a0\u00bb4.8.2&Prime; _module_preset=\u00a0\u00bbdefault\u00a0\u00bb input_textarea_select_text_color=\u00a0\u00bb#035D6D\u00a0\u00bb error_msg_font=\u00a0\u00bb|700|||||||\u00a0\u00bb [&hellip;]<\/p>\n","protected":false},"author":1,"featured_media":0,"parent":0,"menu_order":0,"comment_status":"closed","ping_status":"closed","template":"","meta":{"_et_pb_use_builder":"on","_et_pb_old_content":"","_et_gb_content_width":"","footnotes":""},"class_list":["post-237869","page","type-page","status-publish","hentry"],"_links":{"self":[{"href":"https:\/\/www.ideji.be\/asbl2021\/wp-json\/wp\/v2\/pages\/237869","targetHints":{"allow":["GET"]}}],"collection":[{"href":"https:\/\/www.ideji.be\/asbl2021\/wp-json\/wp\/v2\/pages"}],"about":[{"href":"https:\/\/www.ideji.be\/asbl2021\/wp-json\/wp\/v2\/types\/page"}],"author":[{"embeddable":true,"href":"https:\/\/www.ideji.be\/asbl2021\/wp-json\/wp\/v2\/users\/1"}],"replies":[{"embeddable":true,"href":"https:\/\/www.ideji.be\/asbl2021\/wp-json\/wp\/v2\/comments?post=237869"}],"version-history":[{"count":33,"href":"https:\/\/www.ideji.be\/asbl2021\/wp-json\/wp\/v2\/pages\/237869\/revisions"}],"predecessor-version":[{"id":239860,"href":"https:\/\/www.ideji.be\/asbl2021\/wp-json\/wp\/v2\/pages\/237869\/revisions\/239860"}],"wp:attachment":[{"href":"https:\/\/www.ideji.be\/asbl2021\/wp-json\/wp\/v2\/media?parent=237869"}],"curies":[{"name":"wp","href":"https:\/\/api.w.org\/{rel}","templated":true}]}}